{"id":111,"date":"2017-03-09T11:11:59","date_gmt":"2017-03-09T11:11:59","guid":{"rendered":"http:\/\/somedi.hi-iberia.es\/?page_id=111"},"modified":"2019-01-09T12:34:27","modified_gmt":"2019-01-09T12:34:27","slug":"partners","status":"publish","type":"page","link":"https:\/\/somedi.hi-iberia.es\/es\/partners\/","title":{"rendered":"Socios"},"content":{"rendered":"<p><\/p>\n<hr \/>\n<ul>\n<li><strong>HI iberia\u00a0Ingenier\u00eda y Proyectos SL,<\/strong> Spain<a href=\"http:\/\/hi-iberia.es\" target=\"_blank\"><img loading=\"lazy\" decoding=\"async\" class=\"alignright wp-image-129\" src=\"http:\/\/somedi.hi-iberia.es\/wp-content\/uploads\/2017\/03\/logo_hi_iberia.png\" alt=\"\" width=\"100\" height=\"17\" srcset=\"https:\/\/somedi.hi-iberia.es\/wp-content\/uploads\/2017\/03\/logo_hi_iberia.png 1293w, https:\/\/somedi.hi-iberia.es\/wp-content\/uploads\/2017\/03\/logo_hi_iberia-300x52.png 300w, https:\/\/somedi.hi-iberia.es\/wp-content\/uploads\/2017\/03\/logo_hi_iberia-768x134.png 768w, https:\/\/somedi.hi-iberia.es\/wp-content\/uploads\/2017\/03\/logo_hi_iberia-1024x178.png 1024w\" sizes=\"auto, (max-width: 100px) 100vw, 100px\" \/><\/a><\/li>\n<\/ul>\n<p>&nbsp;<\/p>\n<p>HI iberia Ingenier\u00eda y Proyectos SL es una PYME de Desarrollo de Software fundada en 1999 e integrada en el grupo de ingenier\u00eda HI-Iberia (HI iberia Ingenier\u00eda y Proyectos SL, Seaplace SL y Howards Ingenier\u00eda SL). Hoy en d\u00eda, el grupo cuenta con m\u00e1s de 200 profesionales, de los cuales 130 pertenecen a HI iberia.<\/p>\n<p>HI iberia es un participante establecido en el espacio europeo de I+D y, actualmente, participa en m\u00e1s de una docena de proyectos de FP7, Artemis y AAL, y, en alguno de ellos, como entidad coordinadora. Particularmente, HI iberia I+D se centra en las siguientes \u00e1reas de investigaci\u00f3n y desarrollo: <em>e-health<\/em>, <em>e-learning<\/em>, multimedia, aplicaciones m\u00f3viles, comunicaciones m\u00f3viles y sistemas embebidos, entornos de simulaci\u00f3n, seguridad y sem\u00e1ntica y an\u00e1lisis de datos.<\/p>\n<hr \/>\n<ul>\n<li><strong>Taiger<\/strong><strong>,<\/strong>\u00a0Spain<a href=\"http:\/\/www.taiger.com\" target=\"_blank\"><img loading=\"lazy\" decoding=\"async\" class=\"alignright wp-image-117\" src=\"http:\/\/somedi.hi-iberia.es\/wp-content\/uploads\/2017\/03\/Logos-Taiger-Black-Horizontal-Large-1.png\" alt=\"\" width=\"117\" height=\"60\" srcset=\"https:\/\/somedi.hi-iberia.es\/wp-content\/uploads\/2017\/03\/Logos-Taiger-Black-Horizontal-Large-1.png 2538w, https:\/\/somedi.hi-iberia.es\/wp-content\/uploads\/2017\/03\/Logos-Taiger-Black-Horizontal-Large-1-300x154.png 300w, https:\/\/somedi.hi-iberia.es\/wp-content\/uploads\/2017\/03\/Logos-Taiger-Black-Horizontal-Large-1-768x394.png 768w, https:\/\/somedi.hi-iberia.es\/wp-content\/uploads\/2017\/03\/Logos-Taiger-Black-Horizontal-Large-1-1024x526.png 1024w\" sizes=\"auto, (max-width: 117px) 100vw, 117px\" \/><\/a><\/li>\n<\/ul>\n<p>&nbsp;<\/p>\n<p>Taiger comercializa soluciones de b\u00fasqueda para empresas profesionales que solucionen los problemas de acceso a la informaci\u00f3n de las organizaciones. Nuestros productos explotan el significado de la informaci\u00f3n, evitando la adivinanza de palabras clave, para ofrecer unos resultados de b\u00fasqueda mejores, m\u00e1s r\u00e1pidos y m\u00e1s precisos, ofreciendo as\u00ed a sus clientes mejor acceso a la informaci\u00f3n de grandes vol\u00famenes de datos reduciendo los gastos operativos.<br \/>\nNuestra soluci\u00f3n Web ha sido dise\u00f1ada para trabajar con grandes vol\u00famenes de informaci\u00f3n estructurada (p.ej. metadatos, XML, etc.) y no estructurada (p.ej. pdf, doc, email, etc.), porporcionando a los usuarios finales una forma m\u00e1s f\u00e1cil de encontrar lo que necesitan. Como resultado, nuestros clientes son capaces de mejorar el consumo de contenidos mediante una calidad de experiencia m\u00e1s alta.<br \/>\nLa tecnolog\u00eda e ideas de Taiger han sido investigadas y desarrolladas desde el a\u00f1o 2000 y est\u00e1n garantizadas por patentes y marcas internacionales. Nuestras soluciones se implementan a trav\u00e9s de una serie de industrias como el comercio electr\u00f3nico, publicidad , finanzas, Salud , Biotecnolog\u00eda , los medios de comunicaci\u00f3n o  telecomunicaciones.<\/p>\n<hr \/>\n<ul>\n<li><strong>Innovati Servicios Tecnol\u00f3gicos SL<\/strong><strong>,<\/strong> Spain<a href=\"http:\/\/www.grupoinnovati.com\/sp_html_site\/\" target=\"_blank\"><img loading=\"lazy\" decoding=\"async\" class=\"alignright wp-image-101\" src=\"http:\/\/somedi.hi-iberia.es\/wp-content\/uploads\/2017\/03\/logo_grande-confondo.png\" alt=\"\" width=\"118\" height=\"40\" srcset=\"https:\/\/somedi.hi-iberia.es\/wp-content\/uploads\/2017\/03\/logo_grande-confondo.png 600w, https:\/\/somedi.hi-iberia.es\/wp-content\/uploads\/2017\/03\/logo_grande-confondo-300x102.png 300w\" sizes=\"auto, (max-width: 118px) 100vw, 118px\" \/><\/a><\/li>\n<\/ul>\n<p>&nbsp;<\/p>\n<p>Innovati Servicios Tecnol\u00f3gicos SL es un proveedor  espa\u00f1ol de servicios y soluciones TI, trabajando en varias filiales en Espa\u00f1a y M\u00e9xico.<br \/>\nLas soluciones y servicios de InnovatiST se basan en avances tecnol\u00f3gicos punteros adquiridos tanto por los procesos de especializaci\u00f3n del conocimiento interno como por las participaciones en actividades de investigaci\u00f3n colaborativa, a nivel nacional y europeo. Con una fuerza de trabajo compuesta en su mayor\u00eda por profesionales multidisciplinariamente cualificados con estudios de ingenier\u00eda en diferentes \u00e1reas, InnovatiST tiene como objetivo principal la renovaci\u00f3n constante y la permanencia al frente del mercado tecnol\u00f3gico, adapt\u00e1ndose a un entorno cambiante en continua transformaci\u00f3n tecnol\u00f3gica, proporcionando apoyo a soluciones innovadoras e impulsando sus procesos de negocio.<br \/>\nInnovati provee de soluciones en las siguientes l\u00edneas: Telecomunicaciones, Seguridad, Gesti\u00f3n de Datos y Sistemas de Integraci\u00f3n, y sobresale su amplia experiencia en movilidad (an\u00e1lisis previo de necesidades, ideas para servicios de valor a\u00f1adido, soluciones extremo a extremo, accesibilidad, interfaces simples). InnovatiST ha demostrado tambi\u00e9n experiencia en el \u00e1mbito de la nube y Big Data. El conocimiento y el trabajo llevado a cabo por InnovatiSt permite tratar con datos masivos y sistemas de modelado, implementar soluciones en la nube y desarrollar aplicaciones para cualquier Smartphone o dispositivo tablet, teniendo en cuenta mayores requisitos de accesibilidad, usabilidad, seguridad y comunicaciones.<br \/>\nEjemplo de este trabajo es GITRa, donde los datos de monitorizaci\u00f3n de la red de Telefonica son procesados para conocer el estado y anticiparse a las incidencias; y SmartHydro que tiene como objetivo optimizar la gesti\u00f3n del agua bas\u00e1ndose en informaci\u00f3n masiva del control de la calidad y cantidad del agua. Como servicios finales de cliente, InnovatiST se centra en el aprendizaje, salud y gobierno inteligente (eGovernment, eHealth, eLearning) y la eficiencia de recursos de la nube y Big Data. Entre nuestros clientes en estas \u00e1reas, se pueden destacar empresas como INDRA, Telef\u00f3nica y Ferrovial.<\/p>\n<hr \/>\n<ul>\n<li><strong>SIVECO Romania SA,<\/strong> Romania<a href=\"http:\/\/www.siveco.ro\" target=\"_blank\"><img loading=\"lazy\" decoding=\"async\" class=\"alignright wp-image-103\" src=\"http:\/\/somedi.hi-iberia.es\/wp-content\/uploads\/2017\/03\/SIVECO_Romania.png\" alt=\"\" width=\"117\" height=\"40\" srcset=\"https:\/\/somedi.hi-iberia.es\/wp-content\/uploads\/2017\/03\/SIVECO_Romania.png 600w, https:\/\/somedi.hi-iberia.es\/wp-content\/uploads\/2017\/03\/SIVECO_Romania-300x103.png 300w\" sizes=\"auto, (max-width: 117px) 100vw, 117px\" \/><\/a><\/li>\n<\/ul>\n<p>&nbsp;<\/p>\n<p>SIVECO Romania SA (www.siveco.ro, http:\/\/rd.siveco.ro) es una empresa privada fundada en 1992. Desde entonces, SIVECO Romania SA se ha convertido en la mayor empresa desarrolladora de software en Rumania, y proveedora de soluciones software como ERM L&#038;M (Enterprise Resource Management License and Maintenance) o soluciones de eLearning, gobierno electr\u00f3nico, eHealth, eAgriculture, actuando tanto en mercados internos como internacionales; y es uno de los integradores de software m\u00e1s exitosos de Europa Central y Oriental.<br \/>\nSIVECO tiene una gran experiencia y una trayectoria excepcional en proyectos de I+D e I+I, habiendo participado como proveedor tecnol\u00f3gico y coordinador en muchos proyectos de investigaci\u00f3n nacionales y europeos. En concreto, SIVECO ha adquirido experiencia considerable en la implementaci\u00f3n de sistemas centrados en el usuario a gran escala a nivel nacional. Por otro lado, SIVECO ha ganado una excelente reputaci\u00f3n en los mercados internacionales al desarrollar proyectos de \u00e9xito junto a varias empresas internacionales, colaboraciones que se han consolidado como aut\u00e9nticas asociaciones con los a\u00f1os.<br \/>\nSIVECO puede proveer todos los servicios del ciclo completo de los proyectos de informaci\u00f3n: an\u00e1lisis de los requisitos de usuario, dise\u00f1o, desarrollo, pruebas, implementaci\u00f3n, entrenamiento de usuarios finales, asistencia t\u00e9cnica y mantenimiento de sistema. SIVECO ha desarrollado y est\u00e1 ejecutando actualmente algunos de los mayores y m\u00e1s complejos sistemas de informaci\u00f3n de \u00e1mbito nacional en Rumania en distintos dominios: Educaci\u00f3n, Agricultura, Seguros de Salud, Nuclear, Seguridad Social. Nuestro personal est\u00e1 formado por especialistas TI altamente cualificados que abarcan todas las etapas del desarrollo del proyecto: analistas, consultores de negocio, arquitectos de sistemas, programadores de diferentes plataformas, implementadores, probadores, administradores de bases de datos, analistas de datos e instructores acreditados. <\/p>\n<hr \/>\n<ul>\n<li><strong>BEIA Consult International<\/strong><strong>, <\/strong>Romania<a href=\"http:\/\/agile.ro\/beia\/\" target=\"_blank\"><img loading=\"lazy\" decoding=\"async\" class=\"alignright wp-image-102\" src=\"http:\/\/somedi.hi-iberia.es\/wp-content\/uploads\/2017\/03\/sigla_beia_300dpi.jpg\" alt=\"\" width=\"80\" height=\"40\" srcset=\"https:\/\/somedi.hi-iberia.es\/wp-content\/uploads\/2017\/03\/sigla_beia_300dpi.jpg 3216w, https:\/\/somedi.hi-iberia.es\/wp-content\/uploads\/2017\/03\/sigla_beia_300dpi-300x151.jpg 300w, https:\/\/somedi.hi-iberia.es\/wp-content\/uploads\/2017\/03\/sigla_beia_300dpi-768x386.jpg 768w, https:\/\/somedi.hi-iberia.es\/wp-content\/uploads\/2017\/03\/sigla_beia_300dpi-1024x515.jpg 1024w\" sizes=\"auto, (max-width: 80px) 100vw, 80px\" \/><\/a><\/li>\n<\/ul>\n<p>&nbsp;<\/p>\n<p>BEIA es una pyme con un departamento de I+D, fundada en 1991, y es uno de los l\u00edderes de proveedores de soluciones y equipamiento de telecomunicaciones para las comunicaciones de las empresas en Rumania. Beia es distribuidor asociado de Siemens, Voxtron, Dialogic, Dasan Electron, InVision, Tiptel, Beyertone, FMT y Dassault Systemes\/Exalead. Las referencias de Beia incluyen m\u00e1s de 5000 proyectos para intercambios telef\u00f3nicos, redes locales y corporativas y soluciones de comunicaciones avanzadas.<br \/>\nEs el socio de SIEMENS en Rumania, vicepresidente de la Camara de Comercio Rumano-Alemana (AHK), l\u00edder del NEM Romanian Mirror Group, miembro de la Asociaci\u00f3n Rumana de Industrias Electr\u00f3nicas y de Software (ARIES).<br \/>\nBEIA Consult tiene experiencia en la investigaci\u00f3n y acceso al mercado de empresas de comunicaciones, centros de contacto y de llamadas, redes de telefon\u00eda local y datos, comunicaciones en oficinas peque\u00f1as y oficinas dom\u00e9sticas, transmisi\u00f3n XDSL, tele-monitorizaci\u00f3n (IP SCADA), soluciones complejas de comunicaci\u00f3n (IVR, servicios VoIP), cableado estructurado y otros elementos de construcci\u00f3n de redes.<br \/>\nBeia tiene potencial I+D en la nube, M2M, aplicaciones de tele-monitorizaci\u00f3n y telecomunicaciones y proyectos TIC completos, pruebas t\u00e9cnicas, prueba de caracter\u00edsticas relacionadas con el mercado, implementaci\u00f3n e integraci\u00f3n de servicios y sistemas. Uno de los resultados de I+D consiste en el sistema experimental \u201cTelemtr\u00eda-Inal\u00e1mbrica-IP\u201d.<br \/>\nTiene experiencia en programas nacionales de I+D como socio y como coordinador de consorcio.<\/p>\n<hr \/>\n<ul>\n<li><strong>Universidad Polit\u00e9cnica de Madrid,<\/strong> Spain<a href=\"https:\/\/www.gsi.dit.upm.es\/index.php\/es\/\" target=\"_blank\"><img loading=\"lazy\" decoding=\"async\" class=\"alignright wp-image-116\" src=\"http:\/\/somedi.hi-iberia.es\/wp-content\/uploads\/2017\/03\/logo_gsi_nuevo-1-300x273.png\" alt=\"\" width=\"44\" height=\"40\" srcset=\"https:\/\/somedi.hi-iberia.es\/wp-content\/uploads\/2017\/03\/logo_gsi_nuevo-1-300x273.png 300w, https:\/\/somedi.hi-iberia.es\/wp-content\/uploads\/2017\/03\/logo_gsi_nuevo-1.png 356w\" sizes=\"auto, (max-width: 44px) 100vw, 44px\" \/><\/a><\/li>\n<\/ul>\n<p>&nbsp;<\/p>\n<p>La Universidad Polit\u00e9cnica de Madrid (UPM) es la universidad m\u00e1s grande de Espa\u00f1a referente a ingenier\u00edas y estudios t\u00e9cnicos. La UPM impulsa el desarrollo tecnol\u00f3gico en Espa\u00f1a y desempe\u00f1a un papel importante en la investigaci\u00f3n y las actividades acad\u00e9micas europeas, siendo el mayor contratista p\u00fablico espa\u00f1ol de la Comisi\u00f3n Europea (puesto mantenido en FP4, FP5, FP6, FP7). La mayor parte de las actividades internacionales de I+D realizadas por las empresas espa\u00f1olas de TI han sido sembradas por la UPM. La facturaci\u00f3n actual de las actividades de investigaci\u00f3n es de unos 60 millones de euros, incluidos los programas europeos y nacionales, as\u00ed como los contratos privados con empresas internacionales. La UPM participa en el proyecto a trav\u00e9s del Departamento de Ingenier\u00eda de Sistemas Telem\u00e1ticos (DIT), el mayor grupo universitario de investigaci\u00f3n en Telem\u00e1tica en Espa\u00f1a. Adem\u00e1s de lo mencionado, miembros del Departamento realizan otras actividades de representaci\u00f3n y organizaci\u00f3n en consorcios y grupos de trabajo internacionales, comit\u00e9s de programas en congresos o conferencias importantes, organizaci\u00f3n de eventos internacionales, programas de investigaci\u00f3n nacionales e internacionales, etc. El personal del Departamento incluye aproximadamente 90 empleados a tiempo completo, entre ellos profesores (13 profesores y 28 profesores adjuntos), as\u00ed como doctores, conferenciantes, asistentes de investigaci\u00f3n y personal de apoyo. Actualmente, el Departamento cuenta con alrededor de 1500 estudiantes (incluidos estudiantes de pre y posgrado).<\/p>\n<hr \/>\n<ul>\n<li><strong>EVAM,<\/strong> Turkey<a href=\"http:\/\/evam.com\" target=\"_blank\" rel=\"noopener noreferrer\"><img decoding=\"async\" class=\"alignright wp-image-116\" src=\"http:\/\/somedi.hi-iberia.es\/wp-content\/uploads\/2019\/01\/logo_stick.png\" alt=\"\" width=\"117\" height=\"auto\" \/><\/a><\/li>\n<\/ul>\n<p>&nbsp;<\/p>\n<p>EVAM es una plataforma de nivel empresarial para crear aplicaciones y an\u00e1lisis en tiempo real en torno a la transmisi\u00f3n de datos en tiempo real. Las empresas utilizan EVAM para procesar miles de millones de eventos todos los d\u00edas y ejecutar sus procesos en tiempo real impulsados \u200b\u200bpor eventos.<br \/>\nEVAM aprovecha muchos conceptos y tecnolog\u00edas t\u00e9cnicas, como el procesamiento de eventos complejos, la automatizaci\u00f3n del flujo de trabajo, los motores de decisi\u00f3n, los motores de reglas, las bases de datos en memoria, el servidor de aplicaciones, el an\u00e1lisis en tiempo real y los servidores de aplicaciones.<br \/>\nEVAM est\u00e1 dise\u00f1ado desde cero con el usuario empresarial como el principal usuario de la plataforma. Hemos visto una y otra vez que el usuario de negocios sabe articular y dibujar f\u00e1cilmente el escenario de sus clientes, sus productos u otras entidades comerciales. Sin embargo, los procesos y mecanismos para dise\u00f1ar, documentar, construir, probar y desplegar estos escenarios son engorrosos, toman ciclos largos y sacan la agilidad del negocio.<br \/>\nEl desarrollo del escenario EVAM es 100% GUI y no requiere que los usuarios comerciales escriban ning\u00fan c\u00f3digo SQL. Con EVAM, los usuarios comerciales pueden dise\u00f1ar, probar, simular y desplegar escenarios en tiempo real por s\u00ed mismos y, debido a la naturaleza visual de todos los escenarios, tambi\u00e9n pueden comprender cualquier escenario ya desarrollado visualmente.<\/p>\n<hr \/>\n<ul>\n<li><strong>Turkgen,<\/strong> Turkey<a href=\"http:\/\/www.turkgen.com.tr\" target=\"_blank\" rel=\"noopener noreferrer\"><img decoding=\"async\" class=\"alignright wp-image-116\" src=\"http:\/\/somedi.hi-iberia.es\/wp-content\/uploads\/2019\/01\/tlogo.png\" alt=\"\" width=\"117\" height=\"auto\" \/><\/a><\/li>\n<\/ul>\n<p>&nbsp;<\/p>\n<p>Turkgen se fund\u00f3 en 2007 para brindar soluciones de negocios, consultor\u00eda y servicios de capacitaci\u00f3n a sectores espec\u00edficos. Turkgen se centra en Big Data &#038; Analytics, Business Intelligence, Portales corporativos, Gesti\u00f3n de relaciones con clientes, Gesti\u00f3n de canales, Gesti\u00f3n de ventas y operaciones, Seguimiento de errores, Gesti\u00f3n de recursos y tiempo.<br \/>\nTurkgen est\u00e1 trabajando en proyectos de investigaci\u00f3n y desarrollo europeos y nacionales basados en tecnolog\u00edas espec\u00edficas como la recopilaci\u00f3n y clasificaci\u00f3n de datos, el procesamiento de lenguaje natural, las tecnolog\u00edas sem\u00e1nticas y las im\u00e1genes de sat\u00e9lite.<\/p>\n<hr \/>\n<ul>\n<li><strong>Semantik Ar-Ge,<\/strong> Turkey<img decoding=\"async\" class=\"alignright wp-image-116\" src=\"http:\/\/somedi.hi-iberia.es\/wp-content\/uploads\/2019\/01\/sem.png\" alt=\"\" width=\"117\" height=\"auto\" \/><\/li>\n<\/ul>\n<p>&nbsp;<\/p>\n<p>Semantik Ar-Ge es una empresa recientemente establecida que tiene experiencia en miner\u00eda de textos y clasificaci\u00f3n de datos no estructurados. Semantik se especializa en proporcionar servicios de datos y an\u00e1lisis de pr\u00f3xima generaci\u00f3n. La empresa ofrece servicios de consultor\u00eda, soluciones tecnol\u00f3gicas y servicios de implementaci\u00f3n que permiten a las empresas mejorar el servicio al cliente, optimizar los procesos comerciales y maximizar el valor comercial. Semantik Ar-Ge ayuda a sus clientes con productos y servicios en la construcci\u00f3n de una arquitectura de datos y t\u00e9cnica que permite una visi\u00f3n de 360 grados de sus clientes \/ procesos de negocios seleccionados, y en el r\u00e1pido valor comercial de las mejores pr\u00e1cticas conceptuales y el servicio de concepci\u00f3n altamente calificado, convirtiendo datos en visi\u00f3n con visualizaci\u00f3n y soluciones de Business Intelligence adecuadas. Semantik Ar-Ge tambi\u00e9n ayuda a sus clientes a tomar acciones con datos reveladores. Semantik Ar-Ge proporciona proyectos de valor empresarial r\u00e1pido y liderazgo de transformaci\u00f3n a largo plazo.<\/p>\n<hr \/>\n<ul>\n<li><strong>Turkcell Technology,<\/strong> Turkey<a href=\"http:\/\/www.turkcellteknoloji.com.tr\/en\/\" target=\"_blank\" rel=\"noopener noreferrer\"><img decoding=\"async\" class=\"alignright wp-image-116\" src=\"http:\/\/somedi.hi-iberia.es\/wp-content\/uploads\/2019\/01\/0.png\" alt=\"\" width=\"117\" height=\"auto\" \/><\/a><\/li>\n<\/ul>\n<p>&nbsp;<\/p>\n<p>Turkcell Technology se estableci\u00f3 en 2007 con el objetivo de I + D e innovaci\u00f3n en tecnolog\u00edas de la informaci\u00f3n y la comunicaci\u00f3n. Foundation of Turkcell Technology se basa en m\u00e1s de 10 a\u00f1os de experiencia en Turkcell. En la actualidad, Turkcell Technology ofrece servicios y soluciones a m\u00e1s de 100 millones de clientes en muchos pa\u00edses.<br \/>\nEn 2013, Turkcell Technology obtuvo la licencia de centro de I + D del Ministerio de Ciencia, Industria y Tecnolog\u00eda de Turqu\u00eda. Con m\u00e1s de 700 investigadores, Turkcell Technology es uno de los centros de investigaci\u00f3n y desarrollo m\u00e1s grandes entre las empresas basadas en las TIC en Turqu\u00eda.<br \/>\nNuestro centro de I + D est\u00e1 realizando investigaciones sobre tecnolog\u00edas emergentes y los productos novedosos, servicios y soluciones est\u00e1n comercializando sus logros. Turkcell Technology tambi\u00e9n participa en programas europeos de investigaci\u00f3n en colaboraci\u00f3n y es miembro de la junta de ITEA y CELTIC Clusters del programa Eureka.<\/p>","protected":false},"excerpt":{"rendered":"<p>HI iberia\u00a0Ingenier\u00eda y Proyectos SL, Spain &nbsp; HI iberia Ingenier\u00eda y Proyectos SL es una PYME de Desarrollo de Software fundada en 1999 e integrada en el grupo de ingenier\u00eda HI-Iberia (HI iberia Ingenier\u00eda y Proyectos SL, Seaplace SL y Howards Ingenier\u00eda SL). Hoy en d\u00eda, el grupo cuenta con m\u00e1s de 200 profesionales, de [&hellip;]<\/p>\n","protected":false},"author":1,"featured_media":0,"parent":0,"menu_order":0,"comment_status":"closed","ping_status":"closed","template":"","meta":{"sfsi_plus_gutenberg_text_before_share":"","sfsi_plus_gutenberg_show_text_before_share":"","sfsi_plus_gutenberg_icon_type":"","sfsi_plus_gutenberg_icon_alignemt":"","sfsi_plus_gutenburg_max_per_row":"","footnotes":""},"class_list":["post-111","page","type-page","status-publish","hentry"],"_links":{"self":[{"href":"https:\/\/somedi.hi-iberia.es\/es\/wp-json\/wp\/v2\/pages\/111","targetHints":{"allow":["GET"]}}],"collection":[{"href":"https:\/\/somedi.hi-iberia.es\/es\/wp-json\/wp\/v2\/pages"}],"about":[{"href":"https:\/\/somedi.hi-iberia.es\/es\/wp-json\/wp\/v2\/types\/page"}],"author":[{"embeddable":true,"href":"https:\/\/somedi.hi-iberia.es\/es\/wp-json\/wp\/v2\/users\/1"}],"replies":[{"embeddable":true,"href":"https:\/\/somedi.hi-iberia.es\/es\/wp-json\/wp\/v2\/comments?post=111"}],"version-history":[{"count":39,"href":"https:\/\/somedi.hi-iberia.es\/es\/wp-json\/wp\/v2\/pages\/111\/revisions"}],"predecessor-version":[{"id":242,"href":"https:\/\/somedi.hi-iberia.es\/es\/wp-json\/wp\/v2\/pages\/111\/revisions\/242"}],"wp:attachment":[{"href":"https:\/\/somedi.hi-iberia.es\/es\/wp-json\/wp\/v2\/media?parent=111"}],"curies":[{"name":"wp","href":"https:\/\/api.w.org\/{rel}","templated":true}]}}