{"id":243,"date":"2019-01-14T12:15:10","date_gmt":"2019-01-14T12:15:10","guid":{"rendered":"http:\/\/somedi.hi-iberia.es\/?page_id=243"},"modified":"2019-01-14T12:53:02","modified_gmt":"2019-01-14T12:53:02","slug":"public-deliverables","status":"publish","type":"page","link":"https:\/\/somedi.hi-iberia.es\/es\/public-deliverables\/","title":{"rendered":"Documentos P\u00fablicos"},"content":{"rendered":"<p><a href=\"http:\/\/somedi.hi-iberia.es\/wp-content\/uploads\/2019\/01\/D1.1.-SoMeDi-Vision.pdf\">D1.1. SoMeDi &#8211; Vision<\/a><br \/>\nEste documento contiene la visi\u00f3n del consorcio del contexto actual para SoMeDi (problemas industriales y estado del arte) y propone una visi\u00f3n para SoMeDi que alivia los problemas existentes.<\/p>\n<p><a href=\"http:\/\/somedi.hi-iberia.es\/wp-content\/uploads\/2019\/01\/D2.1.-SoMeDi-DID-user-interface-technical-description-and-mock-up-v2.pdf\">D2.1. SoMeDi &#8211; DID user interface technical description and mock up<\/a><br \/>\nEste documento contiene la descripci\u00f3n t\u00e9cnica de la interfaz de usuario DID y las maquetas para la plataforma.<\/p>\n<p><a href=\"http:\/\/somedi.hi-iberia.es\/wp-content\/uploads\/2019\/01\/D3.1.-State-of-the-art-and-Guidance-Report-v2.pdf\">D3.1. State-of-the-art and Guidance Report<\/a><br \/>\nAprendizaje autom\u00e1tico e inteligencia artificial para la inteligencia de interacci\u00f3n digital; Informe de vanguardia y orientaci\u00f3n. Documento vivo con lanzamiento de instant\u00e1neas en los hitos principales<\/p>\n<p><a href=\"http:\/\/somedi.hi-iberia.es\/wp-content\/uploads\/2019\/01\/D4.1.-SoMeDi-Use-cases-and-demonstrators-definition.pdf\">D4.1. SoMeDi &#8211; Use cases and demonstrators definition<\/a><\/p>\n<p>Este documento contiene la definici\u00f3n de casos de uso y demostradores para la plataforma SoMeDi<\/p>\n<p><a href=\"http:\/\/somedi.hi-iberia.es\/wp-content\/uploads\/2019\/01\/D4.3.-SoMeDi-Use-Cases-Validation-Report.pdf\">D4.3. SoMeDi &#8211; Use Cases Validation Report<\/a><\/p>\n<p>Este documento contiene el informe de validaci\u00f3n de casos de uso \/ demostradores para los tres proyectos piloto definidos en el proyecto SoMeDi<\/p>\n<p><a href=\"http:\/\/somedi.hi-iberia.es\/wp-content\/uploads\/2019\/01\/D5.1.-SoMeDi-Awareness-Raising-Activities.pdf\">D5.1. SoMeDi &#8211; Awareness Raising Activities<\/a><\/p>\n<p>Este documento recopila el conjunto de actividades de sensibilizaci\u00f3n (sitio web del proyecto, presencia en redes sociales, ferias comerciales y revistas, eventos) para difundir los resultados del proyecto.<\/p>","protected":false},"excerpt":{"rendered":"<p>D1.1. SoMeDi &#8211; Vision Este documento contiene la visi\u00f3n del consorcio del contexto actual para SoMeDi (problemas industriales y estado del arte) y propone una visi\u00f3n para SoMeDi que alivia los problemas existentes. D2.1. SoMeDi &#8211; DID user interface technical description and mock up Este documento contiene la descripci\u00f3n t\u00e9cnica de la interfaz de usuario [&hellip;]<\/p>\n","protected":false},"author":1,"featured_media":0,"parent":0,"menu_order":0,"comment_status":"closed","ping_status":"closed","template":"","meta":{"sfsi_plus_gutenberg_text_before_share":"","sfsi_plus_gutenberg_show_text_before_share":"","sfsi_plus_gutenberg_icon_type":"","sfsi_plus_gutenberg_icon_alignemt":"","sfsi_plus_gutenburg_max_per_row":"","footnotes":""},"class_list":["post-243","page","type-page","status-publish","hentry"],"_links":{"self":[{"href":"https:\/\/somedi.hi-iberia.es\/es\/wp-json\/wp\/v2\/pages\/243","targetHints":{"allow":["GET"]}}],"collection":[{"href":"https:\/\/somedi.hi-iberia.es\/es\/wp-json\/wp\/v2\/pages"}],"about":[{"href":"https:\/\/somedi.hi-iberia.es\/es\/wp-json\/wp\/v2\/types\/page"}],"author":[{"embeddable":true,"href":"https:\/\/somedi.hi-iberia.es\/es\/wp-json\/wp\/v2\/users\/1"}],"replies":[{"embeddable":true,"href":"https:\/\/somedi.hi-iberia.es\/es\/wp-json\/wp\/v2\/comments?post=243"}],"version-history":[{"count":6,"href":"https:\/\/somedi.hi-iberia.es\/es\/wp-json\/wp\/v2\/pages\/243\/revisions"}],"predecessor-version":[{"id":256,"href":"https:\/\/somedi.hi-iberia.es\/es\/wp-json\/wp\/v2\/pages\/243\/revisions\/256"}],"wp:attachment":[{"href":"https:\/\/somedi.hi-iberia.es\/es\/wp-json\/wp\/v2\/media?parent=243"}],"curies":[{"name":"wp","href":"https:\/\/api.w.org\/{rel}","templated":true}]}}