{"id":4,"date":"2017-03-02T12:48:02","date_gmt":"2017-03-02T12:48:02","guid":{"rendered":"http:\/\/somedi.hi-iberia.es\/?page_id=4"},"modified":"2017-07-13T11:19:50","modified_gmt":"2017-07-13T11:19:50","slug":"inicio","status":"publish","type":"page","link":"https:\/\/somedi.hi-iberia.es\/es\/","title":{"rendered":"Inicio"},"content":{"rendered":"<p><\/p>\n<h1 class=\"widget-title\">Descripci\u00f3n del Proyecto<\/h1>\n<hr>\n<p>La cantidad de datos procedentes de la interacci\u00f3n digital ha crecido durante la digitalizaci\u00f3n de los procesos de negocio y las comunicaciones privadas desde la llegada de Internet. Cisco indica que el tr\u00e1fico IP global anual superar\u00e1 el l\u00edmite del zettabyte (1000 exabytes) a finales del 2016. Estas interacciones producen una cantidad casi inconmensurable de huellas de interacci\u00f3n que proporcionan informaci\u00f3n sobre las preferencias, intereses e intenciones. Al mismo tiempo, los avances en Inteligencia Artificial, An\u00e1lisis de Datos y Aprendizaje Autom\u00e1tico proporcionan la oportunidad de extraer y utilizar esta informaci\u00f3n para proporcionar un mejor servicio y atraer usuarios y audiencia. El constante aumento de las funcionalidades del software, la gran dimensi\u00f3n de las bibliotecas de activos audiovisuales y la cantidad de mensajes potenciales, pueden estresar a los usuarios por la sobrecarga de informaci\u00f3n, pero con la ayuda de la Interacci\u00f3n Digital Inteligente, pueden aplicarse mejoras como ofertas personalizadas y adaptadas con el fin de  ayudar a los usuarios y as\u00ed incrementar el valor de los sistemas.<\/p>\n<blockquote><p>\nSOMEDI intenta resolver el desaf\u00edo de generar y utilizar eficientemente los medios de comunicaci\u00f3n social y los datos de interacci\u00f3n digital habilitados para la inteligencia. El Proyecto resultante proporcionar\u00e1 al sector empresarial una ventaja competitiva mediante procesos m\u00e1s r\u00e1pidos y autom\u00e1ticos (los cuales se benefician y utilizan tanto la informaci\u00f3n como las preferencias de los usuarios sobre distintos medios digitales), as\u00ed como la posibilidad de llegar a los consumidores y usuarios de negocios a trav\u00e9s de los canales de medios sociales actuales y emergentes.\n<\/p><\/blockquote>\n<p><img loading=\"lazy\" decoding=\"async\" class=\"aligncenter wp-image-106 size-large\" src=\"http:\/\/somedi.hi-iberia.es\/wp-content\/uploads\/2017\/03\/SOMEDI_ValueChain-1024x677.png\" alt=\"\" width=\"620\" height=\"410\" srcset=\"https:\/\/somedi.hi-iberia.es\/wp-content\/uploads\/2017\/03\/SOMEDI_ValueChain-1024x677.png 1024w, https:\/\/somedi.hi-iberia.es\/wp-content\/uploads\/2017\/03\/SOMEDI_ValueChain-300x198.png 300w, https:\/\/somedi.hi-iberia.es\/wp-content\/uploads\/2017\/03\/SOMEDI_ValueChain-768x508.png 768w\" sizes=\"auto, (max-width: 620px) 100vw, 620px\" \/><\/p>\n<p>SOMEDI desbloquear\u00e1 el valor impl\u00edcito en los datos de interacci\u00f3n digital convirti\u00e9ndolo en Inteligencia de Interacci\u00f3n Digital, que puede conducir y soportar varios procesos de negocio y situaciones de uso. Nuestro consorcio ha atra\u00eddo tanto a expertos en tecnolog\u00eda l\u00edder como a propietarios de casos de uso de plataformas B2C y B2B en SaaS, Seguridad Digital, Entretenimiento y Ocio Digital, as\u00ed como fuertes marcas europeas con intereses vitales en inteligencia competitiva y compromiso con clientes en mercados globales altamente competitivos. Demostraciones, as\u00ed como escenarios de experimentaci\u00f3n a trav\u00e9s de diferentes aplicaciones verticales garantizan que los avances en la investigaci\u00f3n y la tecnolog\u00eda se pueden utilizar desde todos los \u00e1ngulos en condiciones reales industriales y llevar a la valoraci\u00f3n econ\u00f3mica pertinente.<\/p>","protected":false},"excerpt":{"rendered":"<p>Descripci\u00f3n del Proyecto La cantidad de datos procedentes de la interacci\u00f3n digital ha crecido durante la digitalizaci\u00f3n de los procesos de negocio y las comunicaciones privadas desde la llegada de Internet. Cisco indica que el tr\u00e1fico IP global anual superar\u00e1 el l\u00edmite del zettabyte (1000 exabytes) a finales del 2016. Estas interacciones producen una cantidad [&hellip;]<\/p>\n","protected":false},"author":1,"featured_media":0,"parent":0,"menu_order":0,"comment_status":"closed","ping_status":"closed","template":"template-homepage.php","meta":{"sfsi_plus_gutenberg_text_before_share":"","sfsi_plus_gutenberg_show_text_before_share":"","sfsi_plus_gutenberg_icon_type":"","sfsi_plus_gutenberg_icon_alignemt":"","sfsi_plus_gutenburg_max_per_row":"","footnotes":""},"class_list":["post-4","page","type-page","status-publish","hentry"],"_links":{"self":[{"href":"https:\/\/somedi.hi-iberia.es\/es\/wp-json\/wp\/v2\/pages\/4","targetHints":{"allow":["GET"]}}],"collection":[{"href":"https:\/\/somedi.hi-iberia.es\/es\/wp-json\/wp\/v2\/pages"}],"about":[{"href":"https:\/\/somedi.hi-iberia.es\/es\/wp-json\/wp\/v2\/types\/page"}],"author":[{"embeddable":true,"href":"https:\/\/somedi.hi-iberia.es\/es\/wp-json\/wp\/v2\/users\/1"}],"replies":[{"embeddable":true,"href":"https:\/\/somedi.hi-iberia.es\/es\/wp-json\/wp\/v2\/comments?post=4"}],"version-history":[{"count":29,"href":"https:\/\/somedi.hi-iberia.es\/es\/wp-json\/wp\/v2\/pages\/4\/revisions"}],"predecessor-version":[{"id":191,"href":"https:\/\/somedi.hi-iberia.es\/es\/wp-json\/wp\/v2\/pages\/4\/revisions\/191"}],"wp:attachment":[{"href":"https:\/\/somedi.hi-iberia.es\/es\/wp-json\/wp\/v2\/media?parent=4"}],"curies":[{"name":"wp","href":"https:\/\/api.w.org\/{rel}","templated":true}]}}