{"id":92,"date":"2017-03-09T09:30:26","date_gmt":"2017-03-09T09:30:26","guid":{"rendered":"http:\/\/somedi.hi-iberia.es\/?page_id=92"},"modified":"2017-07-13T06:33:48","modified_gmt":"2017-07-13T06:33:48","slug":"goals","status":"publish","type":"page","link":"https:\/\/somedi.hi-iberia.es\/es\/goals\/","title":{"rendered":"Objetivos"},"content":{"rendered":"<p>El principal objetivo de SOMEDI es desbloquear el valor oculto en los contenidos digitales y en las huellas de las acciones humanas mediante la aplicaci\u00f3n de inteligencia artificial avanzada y t\u00e9cnicas de aprendizaje autom\u00e1tico. Para conseguir este objetivo, SOMEDI realizar\u00e1:<\/p>\n<ol>\n<li>El desarrollo de nuevos m\u00e9todos y herramientas sobre <em>toolboxes<\/em>\u00a0de inteligencia artificial, los entornos y servicios para hacer m\u00e1s eficiente el an\u00e1lisis de los datos digitales de interacci\u00f3n incluyendo los de redes sociales. Estos incluyen (1.1) m\u00e9todos para mejorar el an\u00e1lisis de sentimientos y la miner\u00eda de opiniones para aumentar la percepci\u00f3n de la actitud del usuario en relaci\u00f3n con temas y conceptos a nivel de aspecto, (1.2) m\u00e9todos que analizan las actividades de los usuarios y fen\u00f3menos en l\u00ednea, tales como detectar comunidades y la difusi\u00f3n de los mensajes en las redes sociales, y (1.3) m\u00e9todos para proporcionar apoyo en las decisiones de los datos analizados para diferentes prop\u00f3sitos de uso.<\/li>\n<li>La conexi\u00f3n del valor extra\u00eddo mediante esos m\u00e9todos con los procesos de producci\u00f3n y negocio de la empresa, para mejorar las ofertas y personalizar los servicios o las configuraciones de contenido.<\/li>\n<li>El estudio de c\u00f3mo utilizar las redes sociales de manera activa y eficiente con el crecimiento del marketing y la pirater\u00eda en los mercados B2C y M2B, el desarrollo de una metodolog\u00eda para la entrada y actuaci\u00f3n en redes sociales y su uso para la creciente pirater\u00eda, atenci\u00f3n al cliente y marketing en la conexi\u00f3n de usuarios profesionales y de consumo.<\/li>\n<li>La producci\u00f3n de una gu\u00eda de introducci\u00f3n a la metodolog\u00eda pr\u00e1ctica de la interacci\u00f3n digital y redes sociales inteligentes con t\u00e9cnicas ilustradas mediante los casos de uso del proyecto.<\/li>\n<\/ol>\n<p>&nbsp;<\/p>\n<blockquote><p>\nEl proyecto SOMEDI explora c\u00f3mo los datos de interacci\u00f3n generados por los usuarios en sistemas digitales, tales como redes sociales, SaaS, juegos, servicios de medios, as\u00ed como contenidos creados y compartidos en servicios de redes sociales, pueden convertirse en Inteligencia de Interacci\u00f3n Digital (DII). DII se puede utilizar para proporcionar ideas para el mercado y el desarrollo de productos, mejorar la eficiencia de los procesos de negocio como CRM, reclutamiento y personalizar las interacciones y servicios. De esta manera, habr\u00e1 un valor a\u00f1adido tanto para las empresas como para sus clientes. El proyecto SOMEDI tambi\u00e9n explorar\u00e1 c\u00f3mo los servicios de medios sociales actuales y emergentes pueden utilizarse eficaz y eficientemente para promover y comercializar nuevos productos y servicios y mejorar los procesos de innovaci\u00f3n tanto en los mercados B2C como B2B.<\/p><\/blockquote>\n<p><\/p>","protected":false},"excerpt":{"rendered":"<p>El principal objetivo de SOMEDI es desbloquear el valor oculto en los contenidos digitales y en las huellas de las acciones humanas mediante la aplicaci\u00f3n de inteligencia artificial avanzada y t\u00e9cnicas de aprendizaje autom\u00e1tico. Para conseguir este objetivo, SOMEDI realizar\u00e1: El desarrollo de nuevos m\u00e9todos y herramientas sobre toolboxes\u00a0de inteligencia artificial, los entornos y servicios [&hellip;]<\/p>\n","protected":false},"author":1,"featured_media":0,"parent":0,"menu_order":0,"comment_status":"closed","ping_status":"closed","template":"","meta":{"sfsi_plus_gutenberg_text_before_share":"","sfsi_plus_gutenberg_show_text_before_share":"","sfsi_plus_gutenberg_icon_type":"","sfsi_plus_gutenberg_icon_alignemt":"","sfsi_plus_gutenburg_max_per_row":"","footnotes":""},"class_list":["post-92","page","type-page","status-publish","hentry"],"_links":{"self":[{"href":"https:\/\/somedi.hi-iberia.es\/es\/wp-json\/wp\/v2\/pages\/92","targetHints":{"allow":["GET"]}}],"collection":[{"href":"https:\/\/somedi.hi-iberia.es\/es\/wp-json\/wp\/v2\/pages"}],"about":[{"href":"https:\/\/somedi.hi-iberia.es\/es\/wp-json\/wp\/v2\/types\/page"}],"author":[{"embeddable":true,"href":"https:\/\/somedi.hi-iberia.es\/es\/wp-json\/wp\/v2\/users\/1"}],"replies":[{"embeddable":true,"href":"https:\/\/somedi.hi-iberia.es\/es\/wp-json\/wp\/v2\/comments?post=92"}],"version-history":[{"count":5,"href":"https:\/\/somedi.hi-iberia.es\/es\/wp-json\/wp\/v2\/pages\/92\/revisions"}],"predecessor-version":[{"id":176,"href":"https:\/\/somedi.hi-iberia.es\/es\/wp-json\/wp\/v2\/pages\/92\/revisions\/176"}],"wp:attachment":[{"href":"https:\/\/somedi.hi-iberia.es\/es\/wp-json\/wp\/v2\/media?parent=92"}],"curies":[{"name":"wp","href":"https:\/\/api.w.org\/{rel}","templated":true}]}}