{"id":111,"date":"2017-03-09T11:11:59","date_gmt":"2017-03-09T11:11:59","guid":{"rendered":"http:\/\/somedi.hi-iberia.es\/?page_id=111"},"modified":"2019-01-09T12:34:27","modified_gmt":"2019-01-09T12:34:27","slug":"partners","status":"publish","type":"page","link":"https:\/\/somedi.hi-iberia.es\/ro\/partners\/","title":{"rendered":"PARTENERI"},"content":{"rendered":"<p><\/p>\n<hr \/>\n<ul>\n<li><strong>HI iberia\u00a0Ingenier\u00eda y Proyectos SL,<\/strong> Spain<a href=\"http:\/\/hi-iberia.es\" target=\"_blank\"><img loading=\"lazy\" decoding=\"async\" class=\"alignright wp-image-129\" src=\"http:\/\/somedi.hi-iberia.es\/wp-content\/uploads\/2017\/03\/logo_hi_iberia.png\" alt=\"\" width=\"100\" height=\"17\" srcset=\"https:\/\/somedi.hi-iberia.es\/wp-content\/uploads\/2017\/03\/logo_hi_iberia.png 1293w, https:\/\/somedi.hi-iberia.es\/wp-content\/uploads\/2017\/03\/logo_hi_iberia-300x52.png 300w, https:\/\/somedi.hi-iberia.es\/wp-content\/uploads\/2017\/03\/logo_hi_iberia-768x134.png 768w, https:\/\/somedi.hi-iberia.es\/wp-content\/uploads\/2017\/03\/logo_hi_iberia-1024x178.png 1024w\" sizes=\"auto, (max-width: 100px) 100vw, 100px\" \/><\/a><\/li>\n<\/ul>\n<p>&nbsp;<\/p>\n<p>HI iberia Ingenier\u00eda y Proyectos SL este un IMM cu dezvoltare pe partea de software  fiind fondat\u0103 \u00een 1999 \u0219i integrat\u0103 \u00een grupul de inginerie HI-Iberia (HI-Iberia Ingenier\u00eda y Proyectos SL, Seaplace SL \u0219i Howards Ingenier\u00eda SL). \u00cen prezent, grupul de\u021bine mai mult de 200 de profesioni\u0219ti, din care 130 apar\u021bin Hi-Iberiei.<br \/>\n           \tHI-Iberia este un participant stabil al spa\u021biului european pentru cercetare \u0219i dezvoltare fiind  implicat \u00een prezent \u00een mai mult de o duzin\u0103 de proiecte cum ar fii FP7, Artemis \u0219i AAL, coordon\u00e2nd mai multe dintre acestea, HI-Iberia R&#038;D se axeaz\u0103 \u00een principal pe urm\u0103toarele domenii de cercetare \u0219i dezvoltare: e-incluziune \u0219i e-s\u0103n\u0103tate, e-learning, multimedia, aplica\u021bii mobile, comunica\u021bii mobile \u0219i sisteme \u00eencorporate, medii de simulare, securitate, semantic\u0103 \u0219i exploatarea datelor.<\/p>\n<hr \/>\n<ul>\n<li><strong>Taiger<\/strong><strong>,<\/strong>\u00a0Spain<a href=\"http:\/\/www.taiger.com\" target=\"_blank\"><img loading=\"lazy\" decoding=\"async\" class=\"alignright wp-image-117\" src=\"http:\/\/somedi.hi-iberia.es\/wp-content\/uploads\/2017\/03\/Logos-Taiger-Black-Horizontal-Large-1.png\" alt=\"\" width=\"117\" height=\"60\" srcset=\"https:\/\/somedi.hi-iberia.es\/wp-content\/uploads\/2017\/03\/Logos-Taiger-Black-Horizontal-Large-1.png 2538w, https:\/\/somedi.hi-iberia.es\/wp-content\/uploads\/2017\/03\/Logos-Taiger-Black-Horizontal-Large-1-300x154.png 300w, https:\/\/somedi.hi-iberia.es\/wp-content\/uploads\/2017\/03\/Logos-Taiger-Black-Horizontal-Large-1-768x394.png 768w, https:\/\/somedi.hi-iberia.es\/wp-content\/uploads\/2017\/03\/Logos-Taiger-Black-Horizontal-Large-1-1024x526.png 1024w\" sizes=\"auto, (max-width: 117px) 100vw, 117px\" \/><\/a><\/li>\n<\/ul>\n<p>&nbsp;<\/p>\n<p>\tTaiger comercializeaz\u0103 solu\u021bii profesionale de c\u0103utare pentru \u00eentreprinderi care rezolv\u0103 problema de acces la informa\u021bii a organiza\u021bilor. Produsele noastre exploateaz\u0103 semnifica\u021bia informa\u021biilor, evit\u00e2nd ghicirea cuvintelor cheie, furniz\u00e2nd rezultate de c\u0103utare mai bune, mai rapide \u0219i mai precise, oferind clien\u021bilor s\u0103i un acces mai bun la informa\u021bii cu privire la volumul mare de date, reduc\u00e2nd \u00een acela\u0219i timp cheltuielile de exploatare.<br \/>\n           \tSolu\u021bia noastr\u0103 bazat\u0103 pe Web a fost conceput\u0103 pentru a func\u021biona cu volume foarte mari de informa\u021bii structurate (de exemplu, metadate, XML, \u00eenregistr\u0103ri financiare etc.) \u0219i informa\u021bii nestructurate (adic\u0103 rich media, pdf, doc, e-mail etc.) permi\u021b\u00e2nd utilizatorilor sa foloseasc\u0103 o interfa\u021b\u0103 mai prietenoas\u0103 pentru a g\u0103si ce doresc sa caute. Ca rezultat, clien\u021bii no\u0219tri pot \u00eembun\u0103t\u0103\u021bi consumul de con\u021binut prin experien\u021b\u0103 mai \u00eenalt\u0103, realiz\u00e2nd modularitatea, agilitatea \u0219i scalabilitatea necesare pentru a extinde afacerea \u0219i pentru a furniza portofolii de aplica\u021bii de cea mai bun\u0103 calitate care \u00eembun\u0103t\u0103\u021besc alocarea resurselor, prin sc\u0103darea costurilor proprietarului \u0219i evoluarea cu necesit\u0103\u021bile actuale ale afacerilor<br \/>\nConceptele \u0219i tehnologia Taiger au fost cercetate \u0219i dezvoltate \u00eencep\u00e2nd cu anul 2000 \u0219i sunt protejate prin brevete \u0219i m\u0103rci interna\u021bionale. Solu\u021biile noastre sunt implementate \u00een mai multe domenii precum comer\u021bul electronic, publicitate, juridic, finan\u021be, e-guvernare, s\u0103n\u0103tate, biotehnologie, mass-media sau telecomunica\u021bii.<\/p>\n<hr \/>\n<ul>\n<li><strong>Innovati Servicios Tecnol\u00f3gicos SL<\/strong><strong>,<\/strong> Spain<a href=\"http:\/\/www.grupoinnovati.com\/sp_html_site\/\" target=\"_blank\"><img loading=\"lazy\" decoding=\"async\" class=\"alignright wp-image-101\" src=\"http:\/\/somedi.hi-iberia.es\/wp-content\/uploads\/2017\/03\/logo_grande-confondo.png\" alt=\"\" width=\"118\" height=\"40\" srcset=\"https:\/\/somedi.hi-iberia.es\/wp-content\/uploads\/2017\/03\/logo_grande-confondo.png 600w, https:\/\/somedi.hi-iberia.es\/wp-content\/uploads\/2017\/03\/logo_grande-confondo-300x102.png 300w\" sizes=\"auto, (max-width: 118px) 100vw, 118px\" \/><\/a><\/li>\n<\/ul>\n<p>&nbsp;<\/p>\n<p>\tInnovati Servicios Tecnol\u00f3gicos SL furnizeaza  solu\u021bii \u0219i servicii de inovare IT in Spania, care lucreaz\u0103 \u00een diverse ramuri sau domenii din Spania \u0219i Mexic.<\/p>\n<p>           \tSolu\u021biile \u0219i serviciile InnovatiST se bazeaz\u0103 pe progresele tehnologice recent aparute ob\u021binute at\u00e2t prin procesele interne de specializare bazate pe cunoa\u0219tere, c\u00e2t \u0219i prin participarea noastr\u0103 la activit\u0103\u021bi de cercetare colaborative, at\u00e2t la nivel na\u021bional c\u00e2t \u0219i european. Av\u00e2nd o for\u021b\u0103 de munc\u0103 ,cea mai mare parte fiind  compus\u0103 din profesioni\u0219ti califica\u021bi care au studii de inginerie \u00een diferite domenii.<br \/>\nInnovatiST are ca obiectiv principal re\u00eennoirea constant\u0103 \u0219i permanenta pe piata tehnologica, adapt\u00e2ndu-se la un mediu \u00een continu\u0103 schimbare, oferind solu\u021bii inovatoare care sus\u021bin \u0219i proiectele lor de afaceri. InnovatiST ofer\u0103 solu\u021bii, printre altele, \u00een urm\u0103toarele linii: telecomunicatii,securitate,Managementul datelor,Integrarea Sistemelor(analiz\u0103 anterioar\u0103 a nevoilor, idei pentru servicii mai atractive \u0219i cu valoare ad\u0103ugat\u0103, utilizare \u0219i accesibilitate, interfe\u021be simple \u0219i adaptate).<br \/>\nInnovatiST \u0219i-a dovedit experien\u021ba \u00een Big Data \u0219i Cloud.   Cunostintele si activitatile efectuate de InnovatiST permit sa verifice date masive, sisteme model, sa implementeze solutii cloud si sa dezvolte aplicatii pentru orice smartphone sau tableta, avand in vedere cerintele de accesibilitate, usurinta, securitate si comunicatii. Un exemplu a acestei lucr\u0103ri este GITRA, unde datele de monitorizare a re\u021belei telefonica sunt procesate pentru a cunoa\u0219te starea \u0219i a anticipa inciden\u021ba \u0219i SmartHydro unde se bazeaz\u0103 pe informa\u021bii mari de date pentru monitorizarea calit\u0103\u021bii \u0219i cantit\u0103\u021bii apei, care vizeaz\u0103 optimizarea gestion\u0103rii apei.<br \/>\nCa servicii finale pentru clien\u021bi, InnovatiST se concentreaz\u0103 pe e-guvernare, e-s\u0103n\u0103tate, e-learning, cloud \u0219i eficien\u021b\u0103 ridicat\u0103 a datelor \/ resurselor. Printre clien\u021bii no\u0219tri, \u00een aceste domenii, este posibil\u0103 eviden\u021bierea unor companii precum INDRA, Telef\u00f3nica \u0219i Ferrovial.<\/p>\n<hr \/>\n<ul>\n<li><strong>SIVECO Romania SA,<\/strong> Romania<a href=\"http:\/\/www.siveco.ro\" target=\"_blank\"><img loading=\"lazy\" decoding=\"async\" class=\"alignright wp-image-103\" src=\"http:\/\/somedi.hi-iberia.es\/wp-content\/uploads\/2017\/03\/SIVECO_Romania.png\" alt=\"\" width=\"117\" height=\"40\" srcset=\"https:\/\/somedi.hi-iberia.es\/wp-content\/uploads\/2017\/03\/SIVECO_Romania.png 600w, https:\/\/somedi.hi-iberia.es\/wp-content\/uploads\/2017\/03\/SIVECO_Romania-300x103.png 300w\" sizes=\"auto, (max-width: 117px) 100vw, 117px\" \/><\/a><\/li>\n<\/ul>\n<p>&nbsp;<\/p>\n<p>SIVECO Rom\u00e2nia SRL (www.siveco.ro, http:\/\/rd.siveco.ro) este un companie ac\u021bionar\u0103 privat\u0103, ap\u0103rut\u0103 \u00een 1992. De atunci, SIVECO Rom\u00e2nia SRL a devenit cea mai mare companie rom\u00e2neasc\u0103 de dezvoltare sofware \u0219i furnizor de solu\u021bii software cum ar fi ERM L&#038;M (Enterprise Resource Management License and Maintenance = Licen\u021b\u0103 \u0219i \u00centre\u021binere a Managementului Resurselor Companiei), eLearning, eGovernment, eHealth, eAgriculture, eCustoms \u0219i proiecte cu grad de complexitate ridicat, care ac\u021bioneaz\u0103 at\u00e2t pe pie\u021bele interne c\u00e2t \u0219i interna\u021bionale, precum \u0219i unul dintre cei mai de succes integratori software din Europa Central\u0103 \u0219i de Est. SIVECO are o experien\u021b\u0103 semnificativ\u0103 \u0219i un record excep\u021bional \u00een proiecte R&#038;D \u0219i R&#038;I, fiind implicat, \u00een calitate de furnizor tehnologic \u0219i \u00een calitate de coordonator, \u00een numeroase proiecte europene \u0219i na\u021bionale de cercetare. \u00cen special, SIVECO a stabilit o experien\u021b\u0103 \u0219i expertiz\u0103 considerabil\u0103 \u00een implementarea sistemelor centrate pe utilizator la o scar\u0103 larg\u0103 de nivel na\u021bional. Mai mult dec\u00e2t at\u00e2t, SIVECO a c\u00e2\u0219tigat o reputa\u021bie remarcabil\u0103 pe pie\u021bele interna\u021bionale prin dezvoltarea de proiecte de succes, \u00eempreun\u0103 cu mai multe companii interna\u021bionale, colaborare care a \u00eenflorit \u00eentr-un parteneriat autentic de-a lungul anilor.<\/p>\n<p>SIVECO poate oferi toate serviciile pe \u00eentregul ciclu de via\u021b\u0103 al proiectelor de informare: analiza cerin\u021belor utilizatorilor, proiectare, dezvoltare, testare, implementare, instruirea utilizatorilor finali \u0219i asisten\u021b\u0103 tehnic\u0103, de \u00eentre\u021binere a sistemului. SIVECO s-a dezvoltat \u0219i \u00een prezent se execut\u0103 unele dintre cele mai mari \u0219i mai complexe sisteme na\u021bionale de informare din Rom\u00e2nia, pe diferite domenii: educa\u021bie, agricultur\u0103, asigur\u0103ri sociale de s\u0103n\u0103tate, vamale, nuclear\u0103, securitate social\u0103. Personalul nostru este format din speciali\u0219ti cu studii superioare \u00een IT care asigur\u0103 toate etapele de dezvoltare a proiectelor: anali\u0219ti, consultan\u021bi de afaceri, arhitec\u021bi de sistem, programatori pentru diferite platforme, implementatori, testeri, DBAs, anali\u0219ti de date, formatori acredita\u021bi.<\/p>\n<hr \/>\n<ul>\n<li><strong>BEIA Consult International<\/strong><strong>, <\/strong>Romania<a href=\"http:\/\/agile.ro\/beia\/\" target=\"_blank\"><img loading=\"lazy\" decoding=\"async\" class=\"alignright wp-image-102\" src=\"http:\/\/somedi.hi-iberia.es\/wp-content\/uploads\/2017\/03\/sigla_beia_300dpi.jpg\" alt=\"\" width=\"80\" height=\"40\" srcset=\"https:\/\/somedi.hi-iberia.es\/wp-content\/uploads\/2017\/03\/sigla_beia_300dpi.jpg 3216w, https:\/\/somedi.hi-iberia.es\/wp-content\/uploads\/2017\/03\/sigla_beia_300dpi-300x151.jpg 300w, https:\/\/somedi.hi-iberia.es\/wp-content\/uploads\/2017\/03\/sigla_beia_300dpi-768x386.jpg 768w, https:\/\/somedi.hi-iberia.es\/wp-content\/uploads\/2017\/03\/sigla_beia_300dpi-1024x515.jpg 1024w\" sizes=\"auto, (max-width: 80px) 100vw, 80px\" \/><\/a><\/li>\n<\/ul>\n<p>&nbsp;<\/p>\n<p>BEIA Consult International (http:\/\/www.beiaro.eu\/somedi\/) este un IMM cu un departament R&#038;D, \u00eenfiin\u021bat\u0103 \u00een anul 1991, \u0219i este unul dintre cei mai importan\u021bi furnizori de echipamente de telecomunica\u021bii \u0219i solu\u021bii din Rom\u00e2nia pentru comunica\u021bii de \u00eentreprindere. Domeniul principal de activitate \u0219i de pia\u021b\u0103 &#8211; \u201ecomunica\u021bii \u00een \u00eentreprindere\u201d. Av\u00e2nd un portofoliu de clien\u021bi mari (peste 6000 de clien\u021bi publici sau priva\u021bi, situa\u021bi \u00een Rom\u00e2nia \u0219i \u00een str\u0103in\u0103tate), Beia este un distribuitor autorizat al Siemens, Voxtron, Dialogic, Dasan Electron, Invision, Tiptel, Beyertone, FMT \u0219i Dassault Systemes \/ Exalead. Referin\u021bele Beia includ peste 5.000 de proiecte cu grad crescut de complexitate pentru centrale telefonice, re\u021bele locale \u0219i corporative, \u0219i solu\u021bii avansate de comunica\u021bii.<br \/>\nBeia a finalizat mai mult de zece proiecte R&#038;D na\u021bionale \u0219i Europene, care au condus la proiecte interna\u021bionale, cum ar fi \u201eSMIC APL\u201c &#8211; un sistem integrat de comunicare pentru managementul public al administra\u021biei centrale \u0219i locale, \u201eSAWHAU\u201c &#8211;  un sistem hibrid de acces f\u0103r\u0103 fir cu adresare unic\u0103, \u201eREDICT\u201c &#8211; un FP7, proiecte finan\u021bate de UE, de asemenea, proiectele \u201eCLOUD CONSULTING\u201c, \u201eNMSDMON\u201c \u0219i \u201eFAIR\u201c ale Eureka \u0219i Eurostars, proiecte finan\u021bate din \u201ePlanul Na\u021bional de Cercetare, Dezvoltare \u0219i Inovare\u201c, incluz\u00e2nd: TERRA_RO, LOCOMAX, MITEAPL, SAWHAU, SEDCC, \u0219i \u00een cele din urm\u0103, proiectele finan\u021bate prin \u201eProgramul Cercetare de Excelen\u021b\u0103\u201c, ARTEMIS, ROIP-Wireless-Telemetry, HIBRIVOLT, PRO-EURO-TIC.<\/p>\n<p>De asemenea, BEIA a \u00eenceput urm\u0103toarele proiecte Eureka din domeniul Cloud \u0219i IoT: FAIR (Friendly Application for Interactive Receiver = Aplica\u021bie Prietenos\u0103 pentru Receptor Interactiv), NMSDMON (Network Management System Development \u0219i Monitoring), managementul Big Data (partener Exalead \/ Cloudview): colectarea \u0219i agregarea datelor, fuziunea datelor (integrarea semantic\u0103 a con\u021binutului nestructurat \u0219i \/ sau structurat din diverse silozuri de date), modul de exploatare a datelor, modul de analiz\u0103 a con\u021binutului multimedia, modul de analiz\u0103 sentiment, SDK pentru c\u0103utare aplica\u021bii bazate pe cloud. Compania este con\u0219tient\u0103 de cadrul institu\u021bional \u0219i, de asemenea, de cadrul de solu\u021bionare \u00een ceea ce prive\u0219te domeniul IT &#038; Telecomunicatii.<\/p>\n<hr \/>\n<ul>\n<li><strong>Universidad Polit\u00e9cnica de Madrid,<\/strong> Spain<a href=\"https:\/\/www.gsi.dit.upm.es\/index.php\/es\/\" target=\"_blank\"><img loading=\"lazy\" decoding=\"async\" class=\"alignright wp-image-116\" src=\"http:\/\/somedi.hi-iberia.es\/wp-content\/uploads\/2017\/03\/logo_gsi_nuevo-1-300x273.png\" alt=\"\" width=\"44\" height=\"40\" srcset=\"https:\/\/somedi.hi-iberia.es\/wp-content\/uploads\/2017\/03\/logo_gsi_nuevo-1-300x273.png 300w, https:\/\/somedi.hi-iberia.es\/wp-content\/uploads\/2017\/03\/logo_gsi_nuevo-1.png 356w\" sizes=\"auto, (max-width: 44px) 100vw, 44px\" \/><\/a><\/li>\n<\/ul>\n<p>&nbsp;<\/p>\n<p>Universidad Polit\u00e9cnica de Madrid (UPM) este cea mai mare universitate tehnic\u0103 din Spania dedicat\u0103 studiilor tehnice \u0219i inginere\u0219ti. UPM se afl\u0103 \u00een v\u00e2rful dezvolt\u0103rii tehnologice din Spania \u0219i joac\u0103 un rol important \u00een cercetarea European\u0103 \u0219i \u00een activit\u0103\u021bile academice. UPM a fost cel mai mare contractor public spaniol pentru Comisia European\u0103 (pozi\u021bie p\u0103strat\u0103 \u00een FP4, FP5, FP6, FP7). Cele mai multe dintre activit\u0103\u021bile interna\u021bionale de cercetare-dezvoltare efectuate de companiile IT spaniole au fost \u00eens\u0103m\u00e2n\u021bate de UPM. Cifra de afaceri curent\u0103 pentru activit\u0103\u021bi de cercetare este de aproximativ 60 de milioane \u20ac, inclusiv programele europene \u0219i na\u021bionale, precum \u0219i contracte private cu companii interna\u021bionale.<\/p>\n<p>UPM particip\u0103 la proiect prin intermediul Departamentului de Inginerie \u00een Sisteme Telematice (DIT), cel mai mare grup de cercetare universitar\u0103 privind telematica \u00een Spania. \u00cen plus fa\u021b\u0103 de aceast\u0103 activitate de cercetare, alte activit\u0103\u021bi de reprezentare \u0219i organiza\u021bionale sunt efectuate de c\u0103tre membrii Departamentului \u00een consor\u021bii interna\u021bionale \u0219i grupuri de lucru, comitete de program \u00een congrese sau conferin\u021be majore, organizarea de evenimente interna\u021bionale, programe na\u021bionale \u0219i interna\u021bionale de cercetare, etc. Personalul Departamentului include aproximativ 90 de membri titulari, inclusiv profesori (13 Prof. \u0219i 28 Conf.), precum \u0219i doctoranzi, lectori, asisten\u021bi de cercetare \u0219i personalul de sprijin. Departamentul are \u00een prezent aproximativ 1500 de studen\u021bi (inclusiv studen\u021bii pre- \u0219i post-universitari).<\/p>\n<hr \/>\n<ul>\n<li><strong>EVAM,<\/strong> Turkey<a href=\"http:\/\/evam.com\" target=\"_blank\" rel=\"noopener noreferrer\"><img decoding=\"async\" class=\"alignright wp-image-116\" src=\"http:\/\/somedi.hi-iberia.es\/wp-content\/uploads\/2019\/01\/logo_stick.png\" alt=\"\" width=\"117\" height=\"auto\" \/><\/a><\/li>\n<\/ul>\n<p>&nbsp;<\/p>\n<p>EVAM este o platform\u0103 de nivel enterprise utilizat\u0103 pentru dezvoltarea aplica\u021biilor de a analiza \u00een timp real a proceselor de data streaming. Companiile utilizeaz\u0103 platforma EVAM pentru a procesa miliarde de evenimente \u00een fiecare zi \u0219i pentru a-\u0219i asigura analiticele necesare \u00een vederea desf\u0103\u0219ur\u0103rii proceselor de business. EVAM utilizeaz\u0103 numeroase concepte \u0219i tehnologii, cum ar fi procesarea complex\u0103 a evenimentelor, automatizarea fluxului de lucru, concepte de tip Sisteme de Suport Decizional bazate pe Motoare de Reguli, dar \u0219i  baze de date In Memory, servere, respectiv aplica\u021bii de analiz\u0103 a datelor \u00een timp real. Pentru dezvoltarea scenariilor, EVAM utilizeaz\u0103 o interfa\u021b\u0103 grafic\u0103 prietenoas\u0103 astfel nu sunt necesare cuno\u0219tin\u021be de programare (scriere de cod) sau de SQL. Utilizatorii business care folosesc EVAM pot proiecta, testa, simula \u0219i desf\u0103\u0219ura scenarii \u00een timp real \u0219i, datorit\u0103 naturii vizuale a interfe\u021bei de lucru, pot \u00een\u021belege \u0219i evalua orice scenariu deja dezvoltat.<\/p>\n<hr \/>\n<ul>\n<li><strong>Turkgen,<\/strong> Turkey<a href=\"http:\/\/www.turkgen.com.tr\" target=\"_blank\" rel=\"noopener noreferrer\"><img decoding=\"async\" class=\"alignright wp-image-116\" src=\"http:\/\/somedi.hi-iberia.es\/wp-content\/uploads\/2019\/01\/tlogo.png\" alt=\"\" width=\"117\" height=\"auto\" \/><\/a><\/li>\n<\/ul>\n<p>&nbsp;<\/p>\n<p>Turkgen este o companie \u00eenfiin\u021bat\u0103 \u00een 2007 pentru a oferi solu\u021bii din domeniul afacerilor, consultan\u021b\u0103 \u0219i servicii de instruire \u00een sectoare specifice. Turkgen se concentreaz\u0103 asupra conceptelor de Big Data Analytics, Business Intelligence, managementului rela\u021biilor cu clien\u021bii, managementului canalelor de comunicare, managementului v\u00e2nz\u0103rilor \u0219i opera\u021biunilor, sistemelor de urm\u0103rire a erorilor \u0219i a resurselor. Turkgen este implicat\u0103 \u00een proiecte de cercetare locale \u0219i europene. Se implic\u0103 \u00een dezvoltarea de tehnologii specifice, cum ar fi colectarea de date, tehnologii semantice precum clasificarea\/procesarea limbajului natural, dar \u0219i procesarea imaginilor satelitare.<\/p>\n<hr \/>\n<ul>\n<li><strong>Semantik Ar-Ge,<\/strong> Turkey<img decoding=\"async\" class=\"alignright wp-image-116\" src=\"http:\/\/somedi.hi-iberia.es\/wp-content\/uploads\/2019\/01\/sem.png\" alt=\"\" width=\"117\" height=\"auto\" \/><\/li>\n<\/ul>\n<p>&nbsp;<\/p>\n<p>Semantik Ar-Ge este o companie recent \u00eenfiin\u021bat\u0103 care are experien\u021b\u0103 \u00een domeniul text-mining \u0219i clasificarea datelor nestructurate. Semantik este specializat\u0103 \u00een furnizarea de servicii de date \u0219i analize avansate. Compania ofer\u0103 consultan\u021b\u0103, solu\u021bii tehnologice \u0219i servicii de implementare care permit companiilor s\u0103 \u00eembun\u0103t\u0103\u021beasc\u0103 serviciile pentru clien\u021bi, s\u0103 optimizeze procesele de afaceri \u0219i s\u0103 maximizeze valoarea afacerii. Semantik Ar-Ge \u00ee\u0219i ajut\u0103 clien\u021bii cu produse \u0219i servicii \u00een construirea unei arhitecturi tehnice \u0219i de date care permite o vizualizare global\u0103 a clien\u021bilor\/procesului de afaceri selectat.<\/p>\n<hr \/>\n<ul>\n<li><strong>Turkcell Technology,<\/strong> Turkey<a href=\"http:\/\/www.turkcellteknoloji.com.tr\/en\/\" target=\"_blank\" rel=\"noopener noreferrer\"><img decoding=\"async\" class=\"alignright wp-image-116\" src=\"http:\/\/somedi.hi-iberia.es\/wp-content\/uploads\/2019\/01\/0.png\" alt=\"\" width=\"117\" height=\"auto\" \/><\/a><\/li>\n<\/ul>\n<p>&nbsp;<\/p>\n<p>Turkcell Technology a fost \u00eenfiin\u021bat\u0103 \u00een 2007, cu accent pe cercetarea, dezvoltarea \u0219i inovarea \u00een tehnologiile informa\u021biei \u0219i comunica\u021biilor (TIC). Funda\u021bia Turkcell Technology se bazeaz\u0103 pe experien\u021ba de peste 10 ani a companiei Turkcell. Turkcell Technology ofer\u0103 servicii \u0219i solu\u021bii pentru mai mult de 100 de milioane de clien\u021bi din diferite \u021b\u0103ri. \u00cen 2013, compania Turkcell Technology a ob\u021binut licen\u021ba de centru de cercetare \u0219i dezvoltare de la Ministerul \u0218tiin\u021bei, Industriei \u0219i Tehnologiei din Turcia. Cu 700 de cercet\u0103tori, Turkcell Technology este unul dintre cele mai mari centre de cercetare \u0219i dezvoltare din r\u00e2ndul companiilor bazate pe TIC din Turcia. Realiz\u0103rile centrului de cercetare sunt comercializate sub form\u0103 de produse, servicii \u0219i solu\u021bii noi. Turkcell particip\u0103, de asemenea, la programe europene de cercetare \u0219i de\u021bine membrii \u00een consiliile grupurilor ITEA \u0219i CELTIC ale programului Eureka.<\/p>","protected":false},"excerpt":{"rendered":"<p>HI iberia\u00a0Ingenier\u00eda y Proyectos SL, Spain &nbsp; HI iberia Ingenier\u00eda y Proyectos SL este un IMM cu dezvoltare pe partea de software fiind fondat\u0103 \u00een 1999 \u0219i integrat\u0103 \u00een grupul de inginerie HI-Iberia (HI-Iberia Ingenier\u00eda y Proyectos SL, Seaplace SL \u0219i Howards Ingenier\u00eda SL). \u00cen prezent, grupul de\u021bine mai mult de 200 de profesioni\u0219ti, din [&hellip;]<\/p>\n","protected":false},"author":1,"featured_media":0,"parent":0,"menu_order":0,"comment_status":"closed","ping_status":"closed","template":"","meta":{"sfsi_plus_gutenberg_text_before_share":"","sfsi_plus_gutenberg_show_text_before_share":"","sfsi_plus_gutenberg_icon_type":"","sfsi_plus_gutenberg_icon_alignemt":"","sfsi_plus_gutenburg_max_per_row":"","footnotes":""},"class_list":["post-111","page","type-page","status-publish","hentry"],"_links":{"self":[{"href":"https:\/\/somedi.hi-iberia.es\/ro\/wp-json\/wp\/v2\/pages\/111","targetHints":{"allow":["GET"]}}],"collection":[{"href":"https:\/\/somedi.hi-iberia.es\/ro\/wp-json\/wp\/v2\/pages"}],"about":[{"href":"https:\/\/somedi.hi-iberia.es\/ro\/wp-json\/wp\/v2\/types\/page"}],"author":[{"embeddable":true,"href":"https:\/\/somedi.hi-iberia.es\/ro\/wp-json\/wp\/v2\/users\/1"}],"replies":[{"embeddable":true,"href":"https:\/\/somedi.hi-iberia.es\/ro\/wp-json\/wp\/v2\/comments?post=111"}],"version-history":[{"count":39,"href":"https:\/\/somedi.hi-iberia.es\/ro\/wp-json\/wp\/v2\/pages\/111\/revisions"}],"predecessor-version":[{"id":242,"href":"https:\/\/somedi.hi-iberia.es\/ro\/wp-json\/wp\/v2\/pages\/111\/revisions\/242"}],"wp:attachment":[{"href":"https:\/\/somedi.hi-iberia.es\/ro\/wp-json\/wp\/v2\/media?parent=111"}],"curies":[{"name":"wp","href":"https:\/\/api.w.org\/{rel}","templated":true}]}}