{"id":4,"date":"2017-03-02T12:48:02","date_gmt":"2017-03-02T12:48:02","guid":{"rendered":"http:\/\/somedi.hi-iberia.es\/?page_id=4"},"modified":"2017-07-13T11:19:50","modified_gmt":"2017-07-13T11:19:50","slug":"inicio","status":"publish","type":"page","link":"https:\/\/somedi.hi-iberia.es\/ro\/","title":{"rendered":"Pagina principal\u0103"},"content":{"rendered":"<p><\/p>\n<h1 class=\"widget-title\">Descrierea Proiectului<\/h1>\n<hr>\n<p>Digitalizarea proceselor de afaceri \u0219i expansiunea aplica\u021biilor de social media a provocat o cre\u0219tere considerabil\u0103 a necesarului de date de interac\u021biune digital\u0103, precum \u0219i a volumului acestora. CISCO indic\u0103 faptul c\u0103 traficul anual global IP (Internet Protocol) a dep\u0103\u0219it pragul zettabyte (1000 exabytes) la sf\u00e2r\u0219itul anului 2016. Tehnologiile de comunicare actuale ofer\u0103 posibilitatea de a interac\u021biona oriunde \u0219i oric\u00e2nd, gener\u00e2nd totodat\u0103 o cantitate extraordinar\u0103 de metadate, considerat\u0103 a fi inaccesibil\u0103 \u00een vederea stoc\u0103rii sau proces\u0103rii acestor date. \u00cens\u0103, cu ajutorul progreselor din domeniul inteligen\u021bei artificiale, a solu\u021biilor de analiz\u0103 a datelor, a algoritmilor integra\u021bi \u00een procesele de \u00eenv\u0103\u021bare automat\u0103, este posibil\u0103 extragerea \u0219i utilizarea acestor informa\u021bii pentru \u00eembun\u0103t\u0103\u021birea serviciilor \u0219i produselor adresate clien\u021bilor, dar \u0219i atragerea \u0219i implicarea acestora \u00een procesele de dezvoltare de produse \u0219i servicii.<\/p>\n<blockquote><p>\nScopul proiectului SOMEDI este de a aduce solu\u021bii cu privire la generarea \u0219i utilizarea eficient\u0103 a mediilor sociale si a datelor de interac\u021biune digital\u0103. Rezultatele ob\u021binute vor permite companiilor aflate intr-un stadiu competitiv s\u0103 beneficieze de un av\u00e2nt notabil prin intermediul proceselor mult mai rapide, ce sunt bazate pe manipularea informa\u021biilor referitoare la preferin\u021bele si inten\u021biile utilizatorilor din cadrul diferitelor medii digitale. De asemenea, acestea vor putea interac\u021biona cu utilizatorii si clien\u021bii maturi din mediul de afaceri, prin intermediul canalelor sociale curente si eviden\u021biate. Diagrama al\u0103turat\u0103 reprezint\u0103 domeniul func\u021bional al proiectului.\n<\/p><\/blockquote>\n<p><img loading=\"lazy\" decoding=\"async\" class=\"aligncenter wp-image-106 size-large\" src=\"http:\/\/somedi.hi-iberia.es\/wp-content\/uploads\/2017\/03\/SOMEDI_ValueChain-1024x677.png\" alt=\"\" width=\"620\" height=\"410\" srcset=\"https:\/\/somedi.hi-iberia.es\/wp-content\/uploads\/2017\/03\/SOMEDI_ValueChain-1024x677.png 1024w, https:\/\/somedi.hi-iberia.es\/wp-content\/uploads\/2017\/03\/SOMEDI_ValueChain-300x198.png 300w, https:\/\/somedi.hi-iberia.es\/wp-content\/uploads\/2017\/03\/SOMEDI_ValueChain-768x508.png 768w\" sizes=\"auto, (max-width: 620px) 100vw, 620px\" \/><\/p>\n<p>Astfel, SoMeDi \u00ee\u0219i propune s\u0103 dezv\u0103luie valoarea ascuns\u0103 a interac\u021biunilor digitale, analiz\u00e2nd con\u021binutul digital din spatele acestor procese. Se va explora cum se poate implementa fenomenul social media \u00een proceselede marketing, at\u00e2t \u00een pie\u021bele B2C, c\u00e2t \u0219i B2B, dezvolt\u00e2nd metode inovatoare de a p\u0103trunde \u0219i ac\u021biona \u00een mediul virtual, aduc\u00e2nd astfel un plus de valoare \u00een serviciile de suport clien\u021bi, av\u00e2nd \u00een vedere toate categoriile de consumatori.<\/p>","protected":false},"excerpt":{"rendered":"<p>Descrierea Proiectului Digitalizarea proceselor de afaceri \u0219i expansiunea aplica\u021biilor de social media a provocat o cre\u0219tere considerabil\u0103 a necesarului de date de interac\u021biune digital\u0103, precum \u0219i a volumului acestora. CISCO indic\u0103 faptul c\u0103 traficul anual global IP (Internet Protocol) a dep\u0103\u0219it pragul zettabyte (1000 exabytes) la sf\u00e2r\u0219itul anului 2016. Tehnologiile de comunicare actuale ofer\u0103 posibilitatea [&hellip;]<\/p>\n","protected":false},"author":1,"featured_media":0,"parent":0,"menu_order":0,"comment_status":"closed","ping_status":"closed","template":"template-homepage.php","meta":{"sfsi_plus_gutenberg_text_before_share":"","sfsi_plus_gutenberg_show_text_before_share":"","sfsi_plus_gutenberg_icon_type":"","sfsi_plus_gutenberg_icon_alignemt":"","sfsi_plus_gutenburg_max_per_row":"","footnotes":""},"class_list":["post-4","page","type-page","status-publish","hentry"],"_links":{"self":[{"href":"https:\/\/somedi.hi-iberia.es\/ro\/wp-json\/wp\/v2\/pages\/4","targetHints":{"allow":["GET"]}}],"collection":[{"href":"https:\/\/somedi.hi-iberia.es\/ro\/wp-json\/wp\/v2\/pages"}],"about":[{"href":"https:\/\/somedi.hi-iberia.es\/ro\/wp-json\/wp\/v2\/types\/page"}],"author":[{"embeddable":true,"href":"https:\/\/somedi.hi-iberia.es\/ro\/wp-json\/wp\/v2\/users\/1"}],"replies":[{"embeddable":true,"href":"https:\/\/somedi.hi-iberia.es\/ro\/wp-json\/wp\/v2\/comments?post=4"}],"version-history":[{"count":29,"href":"https:\/\/somedi.hi-iberia.es\/ro\/wp-json\/wp\/v2\/pages\/4\/revisions"}],"predecessor-version":[{"id":191,"href":"https:\/\/somedi.hi-iberia.es\/ro\/wp-json\/wp\/v2\/pages\/4\/revisions\/191"}],"wp:attachment":[{"href":"https:\/\/somedi.hi-iberia.es\/ro\/wp-json\/wp\/v2\/media?parent=4"}],"curies":[{"name":"wp","href":"https:\/\/api.w.org\/{rel}","templated":true}]}}