{"id":92,"date":"2017-03-09T09:30:26","date_gmt":"2017-03-09T09:30:26","guid":{"rendered":"http:\/\/somedi.hi-iberia.es\/?page_id=92"},"modified":"2017-07-13T06:33:48","modified_gmt":"2017-07-13T06:33:48","slug":"goals","status":"publish","type":"page","link":"https:\/\/somedi.hi-iberia.es\/ro\/goals\/","title":{"rendered":"SCOP"},"content":{"rendered":"<p>Scopul SOMEDI este de a debloca valoarea ascuns\u0103 din con\u021binutul digital \u0219i urmele ac\u021biunilor (inter) umane prin aplicarea tehnicilor avansate de inteligen\u021b\u0103 artificial\u0103 \u0219i de machine learning. Pentru a atinge acest obiectiv, SOMEDI va:<\/p>\n<ol>\n<li>Dezvolta noi metode \u0219i instrumente pe l\u00e2ng\u0103 instrumentele generale de machine intelligence, cadre \u0219i servicii pentru a analiza eficient datele de interac\u021biune digital\u0103, inclusiv cele social media. Acestea includ (1.1) metode de \u00eembun\u0103t\u0103\u021bire a analizei sentimentului \u0219i a opinion mining pentru a cre\u0219te percep\u021bia utilizatorului fa\u021b\u0103 de subiecte \u0219i concepte la nivel de aspect, (1.2) metode care analizeaz\u0103 activit\u0103\u021bile utilizatorilor \u0219i fenomenele online, cum ar fi detectarea comunit\u0103\u021bilor \u0219i r\u0103sp\u00e2ndirea mesajelor \u00een re\u021belele de socializare \u0219i (1.3) metode de furnizare a deciziei de sus\u021binere a datelor analizate utilizate \u00een diferite scopuri.<\/li>\n<li>Conecta valoarea ob\u021binut\u0103 prin aceste metode cu procesele de produc\u021bie \u0219i de afaceri ale unei companii, pentru a \u00eembun\u0103t\u0103\u021bi ofertele \u0219i a personaliza configura\u021biile de servicii sau de con\u021binut.<\/li>\n<li>Explore how to use social media actively and efficiently growth hacking and marketing both in B2C and B2B markets, developing a methodology for effectively entering and acting in social media and use it for growth hacking, customer support and marketing in connection to both business users and consumers.\n<\/li>\n<li>Elabora un ghid introduc\u00e2nd o metodologie practic\u0103 de interac\u021biune digital\u0103 \u0219i Social Media Intelligence cu tehnici ilustrate de cazurile de utilizare ale proiectului.<\/li>\n<\/ol>\n<p>&nbsp;<\/p>\n<blockquote><p>\nProiectul SOMEDI analizeaz\u0103 modul \u00een care datele de interac\u021biune generate de utilizatori pe sistemele digitale, cum ar fi re\u021belele sociale, SaaS, jocurile, serviciile media, precum \u0219i con\u021binutul creat \u0219i distribuit \u00een serviciile media sociale, pot fi transformate \u00een Digital Interaction Intelligence (DII). DII poate fi folosit pentru a oferi informa\u021bii despre dezvoltarea pie\u021bei \u0219i a produselor, pentru a \u00eembun\u0103t\u0103\u021bi eficien\u021ba proceselor de afaceri precum CRM, recrutarea \u0219i personalizarea interac\u021biunilor \u0219i serviciilor. Astfel, vor avea beneficii at\u00e2t companiile, c\u00e2t \u0219i clien\u021bii acestora. Proiectul SOMEDI va explora, de asemenea, modul \u00een care serviciile media actuale \u0219i emergente pot fi utilizate efectiv \u0219i eficient pentru promovarea \u0219i comercializarea de noi produse \u0219i servicii \u0219i pentru \u00eembun\u0103t\u0103\u021birea proceselor de inovare pe pie\u021bele B2C \u0219i B2B. <\/p><\/blockquote>\n<p><\/p>","protected":false},"excerpt":{"rendered":"<p>Scopul SOMEDI este de a debloca valoarea ascuns\u0103 din con\u021binutul digital \u0219i urmele ac\u021biunilor (inter) umane prin aplicarea tehnicilor avansate de inteligen\u021b\u0103 artificial\u0103 \u0219i de machine learning. Pentru a atinge acest obiectiv, SOMEDI va: Dezvolta noi metode \u0219i instrumente pe l\u00e2ng\u0103 instrumentele generale de machine intelligence, cadre \u0219i servicii pentru a analiza eficient datele de [&hellip;]<\/p>\n","protected":false},"author":1,"featured_media":0,"parent":0,"menu_order":0,"comment_status":"closed","ping_status":"closed","template":"","meta":{"sfsi_plus_gutenberg_text_before_share":"","sfsi_plus_gutenberg_show_text_before_share":"","sfsi_plus_gutenberg_icon_type":"","sfsi_plus_gutenberg_icon_alignemt":"","sfsi_plus_gutenburg_max_per_row":"","footnotes":""},"class_list":["post-92","page","type-page","status-publish","hentry"],"_links":{"self":[{"href":"https:\/\/somedi.hi-iberia.es\/ro\/wp-json\/wp\/v2\/pages\/92","targetHints":{"allow":["GET"]}}],"collection":[{"href":"https:\/\/somedi.hi-iberia.es\/ro\/wp-json\/wp\/v2\/pages"}],"about":[{"href":"https:\/\/somedi.hi-iberia.es\/ro\/wp-json\/wp\/v2\/types\/page"}],"author":[{"embeddable":true,"href":"https:\/\/somedi.hi-iberia.es\/ro\/wp-json\/wp\/v2\/users\/1"}],"replies":[{"embeddable":true,"href":"https:\/\/somedi.hi-iberia.es\/ro\/wp-json\/wp\/v2\/comments?post=92"}],"version-history":[{"count":5,"href":"https:\/\/somedi.hi-iberia.es\/ro\/wp-json\/wp\/v2\/pages\/92\/revisions"}],"predecessor-version":[{"id":176,"href":"https:\/\/somedi.hi-iberia.es\/ro\/wp-json\/wp\/v2\/pages\/92\/revisions\/176"}],"wp:attachment":[{"href":"https:\/\/somedi.hi-iberia.es\/ro\/wp-json\/wp\/v2\/media?parent=92"}],"curies":[{"name":"wp","href":"https:\/\/api.w.org\/{rel}","templated":true}]}}